
{"id":141,"date":"2020-04-08T14:16:11","date_gmt":"2020-04-08T12:16:11","guid":{"rendered":"http:\/\/libreria.eurojus.it\/prodotto\/giurisprudenza-di-diritto-dellunione-europea-casi-scelti-quarta-edizione\/"},"modified":"2026-03-06T07:29:46","modified_gmt":"2026-03-06T06:29:46","slug":"giurisprudenza-di-diritto-dellunione-europea-casi-scelti-quarta-edizione","status":"publish","type":"product","link":"https:\/\/libreria.eurojus.it\/?product=giurisprudenza-di-diritto-dellunione-europea-casi-scelti-quarta-edizione","title":{"rendered":"Giurisprudenza di Diritto dell&#8217;Unione Europea &#8211; Casi Scelti &#8211; quarta edizione"},"content":{"rendered":"<p>La raccolta di casi scelti di diritto dell\u2019Unione europea si rinnova nei contenuti, nella forma, nella presentazione e collaborazione.<\/p>\n<p>La prima edizione (2007) fu cartacea, edita Giuffr\u00e8, pubblicata nel 2007, e teneva conto della giurisprudenza della Corte e del Tribunale fino al 30 aprile 2007. Si trattava di un\u2019iniziativa nel quadro dell\u2019Azione Robert Schuman, un programma (del 1998) promosso dalla Comunit\u00e0 europea a favore di una maggiore sensibilizzazione degli operatori giuridici al diritto comunitario, nonch\u00e9 dell\u2019Azione Jean Monnet, un programma (del 1989, rinnovato nel 2006) parimenti promosso dalla Comunit\u00e0, che si proponeva, fra l\u2019altro, di stimolare lo studio, l\u2019insegnamento, la ricerca e la conoscenza dei temi connessi all\u2019integrazione europea.<\/p>\n<p>La raccolta on line, qui pubblicata quale iniziativa telematica della rivista eurojus.it, persegue e, auspicabilmente, migliora, facilitando la diffusione e consultazione, la prima edizione. Le finalit\u00e0 erano, e sono, fra le altre, quelle di fornire all\u2019operatore giuridico, giudice, avvocato o ad altro titolo interessato all\u2019applicazione del diritto UE, nonch\u00e9 allo studente dei corsi universitari e di specializzazione, uno strumento che gli consenta di prendere un primo, utile contatto con il risultato di quell\u2019attivit\u00e0 che quotidianamente l\u2019istituzione giudiziaria dell\u2019Unione svolge: interpretare, meglio precisandone ratio e contenuto, le regole del sistema giuridico comunitario, prima, dell\u2019Unione europea, poi. Tale sistema, infatti, nonostante la copiosa produzione normativa, a livello sia di diritto primario, sia di diritto derivato, \u00e8 stata ed \u00e8, soprattutto nei suoi principi fondamentali, di impronta marcatamente \u00ab pretoria \u00bb.<\/p>\n<p>L\u2019articolazione dell\u2019organizzazione giudiziaria dell\u2019Unione, alle origini consistente nella sola Corte di giustizia, ha, quale obiettivo primario, il miglioramento qualitativo e quantitativo della giustizia comunitaria. L\u2019accresciuta efficienza e la conseguente, pi\u00f9 cospicua produzione giurisprudenziale rendono, paradossalmente, la conoscenza complessiva delle decisioni meno accessibile ed immediata, disperdendosi in vari \u00ab filoni \u00bb specialistici, che non favoriscono la diffusione e la conoscenza pi\u00f9 ampia e ragionata. Il giurista italiano, ma anche lo studente dei corsi universitari e di specializzazione, che si dedichi allo studio e alla pratica del diritto UE non pu\u00f2, poi, prescindere dal contributo della giurisprudenza costituzionale, il cui rilievo \u00e8 fondamentale per cogliere il modo, originale e (specie dopo la modifica del 2001 all\u2019art. 117 della Costituzione) problematico in cui \u00e8 stato definito il rapporto tra l\u2019ordinamento interno e quello dell\u2019Unione.<\/p>\n<p>Questa raccolta di casi si propone, perci\u00f2 , di offrire un panorama della giurisprudenza a) sui profili istituzionali (capitoli da I a III, con riferimenti, come s\u2019\u00e8 detto, alla giurisprudenza costituzionale); b) sulla tutela giurisdizionale (distinta nei principali mezzi di ricorso, capitolo IV); c) sulla cittadinanza dell\u2019Unione (libera circolazione delle persone e dei servizi, capitolo V); d) sulla circolazione delle merci e dei capitali (capitolo VI e capitolo VII); e) sul diritto della concorrenza (capitolo VIII) e sul regime degli aiuti di Stato (capitolo IX). Si tratta di un\u2019area limitata del diritto UE, ma che, oltre ad essere quella di pi\u00f9 frequente applicazione pratica, ha condizionato e condiziona ampiamente anche gli altri settori di questo ordinamento, s\u0131` che la sua conoscenza resta un necessario presupposto.<\/p>\n<p>L\u2019esposizione dei casi segue un criterio logico, evidenziato dai titoli dei paragrafi e dei sottoparagrafi, cos\u0131` da fornire al lettore una prima guida all\u2019interno di ogni argomento, consentendo, allo stesso tempo, una rapida individuazione delle pronunce di volta in volta rilevanti. Il criterio seguito, nella scelta dei casi, \u00e8 stato, in primo luogo, di privilegiare le pronunce (anche se risalenti nel tempo) che hanno fortemente segnato l\u2019orientamento della giurisprudenza nei singoli settori, talora sacrificando una puntuale ed esaustiva riproduzione delle pronunce pi\u00f9 recenti, spesso peraltro destinate, in un panorama giurisprudenziale in continua evoluzione, ad essere superate da quelle successive. In taluni casi \u00e8 parso opportuno, o quanto meno stimolante, riportare soluzioni contraddittorie, della Corte e del Tribunale, quali segni di un costruttivo dibattito e confronto fra i giudici.<\/p>\n<p>Nel riportare i casi si \u00e8 scelto, poi, al fine di rendere pi\u00f9 agevole la lettura, di riassumere i fatti rilevanti di ogni singola controversia, riproducendo i punti pi\u00f9 significativi dell\u2019argomentazione giuridica (per i casi riprodotti in pi\u00f9 capitoli, il riassunto dei fatti \u00e8 riprodotto solo nella prima occasione). La versione integrale delle sentenze \u00e8 reperibile in https:\/\/curia.eu.it (per la versione delle sentenze della Corte costituzionale \u00e8 in https:\/\/giurcost.it).<\/p>\n<p>Il volume \u00e8 corredato, oltre che dall\u2019indice tematico, da un indice cronologico e da un indice dei casi. La raccolta, in questa versione telematica, sar\u00e0 pi\u00f9 facilmente aggiornabile (si \u00e8 tenuto conto della giurisprudenza fino a luglio 2016) e l\u2019ambito dei contenuti potr\u00e0 essere ampliato in occasione di nuove edizioni: per esempio, allo spazio di libert\u00e0, sicurezza e giustizia.<\/p>\n<p>L\u2019auspicio, per chi ha diretto, curato e collaborato alla realizzazione di questa pubblicazione, \u00e8 di offrire all\u2019operatore giuridico e allo studente uno strumento in grado di assicurare una prima, complessiva e, per quanto possibile, equilibrata conoscenza degli istituti fondamentali dell\u2019ordinamento giuridico dell\u2019Unione, nella loro dimensione di \u00ab diritto vivente \u00bb. Lo studente, in particolare, potr\u00e0 affiancare questa pubblicazione al tradizionale manuale e cos\u00ec apprezzare la complessit\u00e0 e l\u2019importanza dell\u2019apporto giurisprudenziale nello studio della materia, approfondendo i profili di maggior rilievo.<\/p>\n<p><strong>Introduzione alla quarta edizione<\/strong><\/p>\n<p>Dopo le prime tre edizioni segue la quarta, aggiornata al 30 gennaio 2020<br \/>\nCon la quarta edizione il volume si arricchisce di un nuovo capitolo (il capitolo X \u201cImmigrazione e Asilo\u201d).<br \/>\nIn tempi auspicabilmente brevi, avendo sempre presente la qualit\u00e0 della ricerca e del risultato, ci si propone di pubblicare una quinta edizione che amplier\u00e0 l\u2019ambito dei contenuti.<br \/>\nCon questa nuova edizione si vuole mantenere l\u2019impegno del costante aggiornamento, affinch\u00e9 la raccolta sia utile e fruibile da parte di tutti coloro che l\u2019hanno finora consultata e la consulteranno.<\/p>\n","protected":false},"excerpt":{"rendered":"<p>La raccolta di casi scelti di diritto dell\u2019Unione europea si rinnova nei contenuti, nella forma, nella presentazione e collaborazione.<\/p>\n<p>La raccolta \u00e8 disponibile nei formati pdf, ePub (Kobo, iPad, etc) e\u00a0azw3 (per Amazon Kindle)<\/p>\n<p>&nbsp;<\/p>\n","protected":false},"featured_media":178,"comment_status":"open","ping_status":"closed","template":"","meta":[],"product_cat":[],"product_tag":[],"_links":{"self":[{"href":"https:\/\/libreria.eurojus.it\/index.php?rest_route=\/wp\/v2\/product\/141"}],"collection":[{"href":"https:\/\/libreria.eurojus.it\/index.php?rest_route=\/wp\/v2\/product"}],"about":[{"href":"https:\/\/libreria.eurojus.it\/index.php?rest_route=\/wp\/v2\/types\/product"}],"replies":[{"embeddable":true,"href":"https:\/\/libreria.eurojus.it\/index.php?rest_route=%2Fwp%2Fv2%2Fcomments&post=141"}],"wp:featuredmedia":[{"embeddable":true,"href":"https:\/\/libreria.eurojus.it\/index.php?rest_route=\/wp\/v2\/media\/178"}],"wp:attachment":[{"href":"https:\/\/libreria.eurojus.it\/index.php?rest_route=%2Fwp%2Fv2%2Fmedia&parent=141"}],"wp:term":[{"taxonomy":"product_cat","embeddable":true,"href":"https:\/\/libreria.eurojus.it\/index.php?rest_route=%2Fwp%2Fv2%2Fproduct_cat&post=141"},{"taxonomy":"product_tag","embeddable":true,"href":"https:\/\/libreria.eurojus.it\/index.php?rest_route=%2Fwp%2Fv2%2Fproduct_tag&post=141"}],"curies":[{"name":"wp","href":"https:\/\/api.w.org\/{rel}","templated":true}]}}